{"id":270,"date":"2020-09-21T10:38:10","date_gmt":"2020-09-21T10:38:10","guid":{"rendered":"https:\/\/igniter-group.com\/cookie-policy\/"},"modified":"2020-09-21T10:50:56","modified_gmt":"2020-09-21T10:50:56","slug":"cookie-policy","status":"publish","type":"page","link":"https:\/\/igniter-group.com\/fr\/cookie-policy\/","title":{"rendered":"Politique en mati\u00e8re de cookies"},"content":{"rendered":"<div class=\"cli_pg_page_contaner\">\n<h3>A propos de cette politique en mati\u00e8re de cookies.<\/h3>\n<div>\n<p>Cette politique en mati\u00e8re de cookies explique ce que sont les cookies et comment nous les utilisons. Vous devez lire cette politique pour comprendre ce que sont les cookies, comment nous les utilisons, les types de cookies que nous utilisons, les informations que nous recueillons par le biais des cookies et comment ces informations sont utilis\u00e9es, et comment vous pouvez contr\u00f4ler vos pr\u00e9f\u00e9rences en mati\u00e8re de cookies.<\/p>\n<p>Pour plus d&rsquo;informations sur la mani\u00e8re dont nous utilisons, stockons et prot\u00e9geons vos informations personnelles, veuillez consulter notre politique de confidentialit\u00e9.<\/p>\n<p>Vous pouvez modifier ou retirer votre consentement \u00e0 la d\u00e9claration sur les cookies sur notre site web \u00e0 tout moment.<br \/>\nPour plus d&rsquo;informations sur qui nous sommes, comment vous pouvez nous contacter et comment nous traitons les donn\u00e9es personnelles, veuillez consulter notre politique de confidentialit\u00e9.<br \/>\nVotre consentement s&rsquo;applique aux domaines suivants : igniter-group.com<\/p>\n<p><span style=\"font-size: inherit;\"><div class=\"wt-cli-element cli_user_consent_state\">Votre \u00e9tat actuel\u00a0: Aucun consentement donn\u00e9. <a class=\"cli_manage_current_consent\" style=\"cursor:pointer;\">G\u00e9rez votre consentement.<\/a> <\/div><\/span><\/p>\n<\/div>\n<h3>Que sont les cookies ?<\/h3>\n<div>Les cookies sont de petits fichiers texte qui servent \u00e0 stocker de petites informations. Les cookies sont stock\u00e9s sur votre appareil lorsque le site web se charge dans votre navigateur. Ces cookies nous aident \u00e0 faire fonctionner le site web correctement, \u00e0 le rendre plus s\u00fbr, \u00e0 offrir une meilleure exp\u00e9rience aux utilisateurs, \u00e0 comprendre le fonctionnement du site et \u00e0 analyser ce qui fonctionne et ce qui doit \u00eatre am\u00e9lior\u00e9.<\/div>\n<h3>Comment utilisons-nous les cookies ?<\/h3>\n<div>Comme la plupart des services en ligne, notre site web utilise des cookies de premi\u00e8re partie et de tiers \u00e0 des fins diverses. Les cookies de premi\u00e8re partie sont n\u00e9cessaires au bon fonctionnement du site web et ne recueillent aucune donn\u00e9e personnelle identifiable.<br \/>\nLes cookies tiers utilis\u00e9s sur nos sites web sont principalement utilis\u00e9s pour comprendre le fonctionnement du site web, la mani\u00e8re dont vous interagissez avec notre site web, pour assurer la s\u00e9curit\u00e9 de nos services, pour fournir des publicit\u00e9s qui vous concernent et, d&rsquo;une mani\u00e8re g\u00e9n\u00e9rale, pour vous offrir une exp\u00e9rience utilisateur meilleure et plus agr\u00e9able et pour vous aider \u00e0 acc\u00e9l\u00e9rer vos futures interactions avec notre site web.<br \/>\n<span style=\"color: inherit; font-size: 1.56em; font-weight: 600;\">Quels types de cookies utilisons-nous ?<\/span><\/p>\n<\/div>\n<div>Les cookies utilis\u00e9s sur notre site web sont regroup\u00e9s dans les cat\u00e9gories suivantes.<br \/>\n<div class=\"wt-cli-element cli_cookie_category_single\"><div class=\"cli_cookie_category_single\"><h5 class=\"cli_cookie_category_single_hd\">Analytics<\/h5><div class=\"cli_cookie_category_single_description\"><p>Les cookies analytiques sont utilis\u00e9s pour comprendre comment les visiteurs interagissent avec le site web. Ces cookies permettent de fournir des informations sur les param\u00e8tres des visiteurs, le taux de rebond, la source du trafic, etc.<br \/>\n<table class=\"wt-cli-element cookielawinfo-row-cat-table cookielawinfo-classic\"><thead><tr><th scope=\"col\" class=\"cookielawinfo-column-1\">Cookie<\/th><th scope=\"col\" class=\"cookielawinfo-column-2\">Type<\/th><th scope=\"col\" class=\"cookielawinfo-column-3\">Dur\u00e9e<\/th><th scope=\"col\" class=\"cookielawinfo-column-4\">Description<\/th><\/tr><\/thead><tbody><tr class=\"cookielawinfo-row\"><td class=\"cookielawinfo-column-1\">_ga<\/td><td class=\"cookielawinfo-column-2\">0<\/td><td class=\"cookielawinfo-column-3\">2 years<\/td><td class=\"cookielawinfo-column-4\">Ce cookie est d\u00e9fini par Google Analytics. Le cookie est utilis\u00e9 pour calculer les donn\u00e9es des visiteurs, des sessions, des campagnes et pour suivre l'utilisation du site pour le rapport analytique du site. Les cookies stockent des informations de mani\u00e8re anonyme et attribuent un num\u00e9ro g\u00e9n\u00e9r\u00e9 par ramdon pour identifier les visiteurs uniques.<\/td><\/tr><tr class=\"cookielawinfo-row\"><td class=\"cookielawinfo-column-1\">_gat_gtag_UA_178472475_1<\/td><td class=\"cookielawinfo-column-2\">0<\/td><td class=\"cookielawinfo-column-3\">1 minute<\/td><td class=\"cookielawinfo-column-4\">Google utilise ce cookie pour distinguer les utilisateurs.<\/td><\/tr><tr class=\"cookielawinfo-row\"><td class=\"cookielawinfo-column-1\">_gid<\/td><td class=\"cookielawinfo-column-2\">0<\/td><td class=\"cookielawinfo-column-3\">1 day<\/td><td class=\"cookielawinfo-column-4\">Ce cookie est d\u00e9fini par Google Analytics. Le cookie est utilis\u00e9 pour stocker des informations sur la fa\u00e7on dont les visiteurs utilisent un site web et permet de cr\u00e9er un rapport analytique sur le fonctionnement du site. Les donn\u00e9es collect\u00e9es comprennent le nombre de visiteurs, la source d'o\u00f9 ils viennent et les pages visit\u00e9es sous une forme anonyme.<\/td><\/tr><\/tbody><\/table><\/p>\n<\/div><\/div><div class=\"cli_cookie_category_single\"><h5 class=\"cli_cookie_category_single_hd\">Publicit\u00e9<\/h5><div class=\"cli_cookie_category_single_description\"><p>Les cookies publicitaires sont utilis\u00e9s pour stocker des informations sur le comportement des utilisateurs obtenues par l&rsquo;observation continue de leurs habitudes de navigation, ce qui permet de d\u00e9velopper un profil sp\u00e9cifique pour afficher la publicit\u00e9 sur la base de celui-ci.<br \/>\n<table class=\"wt-cli-element cookielawinfo-row-cat-table cookielawinfo-classic\"><thead><tr><th scope=\"col\" class=\"cookielawinfo-column-1\">Cookie<\/th><th scope=\"col\" class=\"cookielawinfo-column-2\">Type<\/th><th scope=\"col\" class=\"cookielawinfo-column-3\">Dur\u00e9e<\/th><th scope=\"col\" class=\"cookielawinfo-column-4\">Description<\/th><\/tr><\/thead><tbody><tr class=\"cookielawinfo-row\"><td class=\"cookielawinfo-column-1\">test_cookie<\/td><td class=\"cookielawinfo-column-2\">0<\/td><td class=\"cookielawinfo-column-3\">11 months<\/td><td class=\"cookielawinfo-column-4\">Ce cookie est d\u00e9fini par DoubleClick (qui est la propri\u00e9t\u00e9 de Google) pour d\u00e9terminer si le navigateur du visiteur du site web supporte les cookies.<\/td><\/tr><\/tbody><\/table><\/p>\n<\/div><\/div><div class=\"cli_cookie_category_single\"><h5 class=\"cli_cookie_category_single_hd\">N\u00e9cessaires<\/h5><div class=\"cli_cookie_category_single_description\"><p>Les cookies n\u00e9cessaires sont absolument indispensables au bon fonctionnement du site web. Cette cat\u00e9gorie ne comprend que les cookies qui garantissent les fonctionnalit\u00e9s de base et les caract\u00e9ristiques de s\u00e9curit\u00e9 du site web. Ces cookies ne stockent aucune information personnelle.<br \/>\n<table class=\"wt-cli-element cookielawinfo-row-cat-table cookielawinfo-classic\"><thead><tr><th scope=\"col\" class=\"cookielawinfo-column-1\">Cookie<\/th><th scope=\"col\" class=\"cookielawinfo-column-2\">Type<\/th><th scope=\"col\" class=\"cookielawinfo-column-3\">Dur\u00e9e<\/th><th scope=\"col\" class=\"cookielawinfo-column-4\">Description<\/th><\/tr><\/thead><tbody><tr class=\"cookielawinfo-row\"><td class=\"cookielawinfo-column-1\">cookielawinfo-checkbox-necessary<\/td><td class=\"cookielawinfo-column-2\">0<\/td><td class=\"cookielawinfo-column-3\">11 months<\/td><td class=\"cookielawinfo-column-4\">Ce cookie est d\u00e9fini par le plugin GDPR Cookie Consent. Les cookies sont utilis\u00e9s pour enregistrer le consentement de l'utilisateur pour les cookies de la cat\u00e9gorie \"Obligatoire\".<\/td><\/tr><tr class=\"cookielawinfo-row\"><td class=\"cookielawinfo-column-1\">cookielawinfo-checkbox-non-necessary<\/td><td class=\"cookielawinfo-column-2\"><\/td><td class=\"cookielawinfo-column-3\"><\/td><td class=\"cookielawinfo-column-4\">Ce cookie est d\u00e9fini par le plugin GDPR Cookie Consent. Les cookies sont utilis\u00e9s pour enregistrer le consentement de l'utilisateur pour les cookies de la cat\u00e9gorie \"Non requis\".<\/td><\/tr><tr class=\"cookielawinfo-row\"><td class=\"cookielawinfo-column-1\">viewed_cookie_policy<\/td><td class=\"cookielawinfo-column-2\">0<\/td><td class=\"cookielawinfo-column-3\">11 months<\/td><td class=\"cookielawinfo-column-4\">Le cookie est d\u00e9fini par le plugin de consentement de cookie GDPR et sert \u00e0 enregistrer si l'utilisateur a consenti ou non \u00e0 l'utilisation de cookies. Il ne stocke aucune donn\u00e9e personnelle.<\/td><\/tr><\/tbody><\/table><\/p>\n<\/div><\/div><\/div>\nLa liste suivante d\u00e9taille les cookies utilis\u00e9s sur notre site web.<br \/>\n<table class=\"wt-cli-element cookielawinfo-classic cookielawinfo-row-cat-table\"><thead><tr><th scope=\"col\" class=\"cookielawinfo-column-1\">Cookie<\/th><th scope=\"col\" class=\"cookielawinfo-column-4\">Description<\/th><\/thead><tbody><tr class=\"cookielawinfo-row-cat-title\"><th colspan=\"2\" class=\"cookielawinfo-row-cat-title-head\">Analytics<\/th><\/tr><tr class=\"cookielawinfo-row\"><td class=\"cookielawinfo-column-1\">_gat_gtag_UA_178472475_1<\/td><td class=\"cookielawinfo-column-4\">Google utilise ce cookie pour distinguer les utilisateurs.<\/td><\/tr><tr class=\"cookielawinfo-row\"><td class=\"cookielawinfo-column-1\">_gid<\/td><td class=\"cookielawinfo-column-4\">Ce cookie est d\u00e9fini par Google Analytics. Le cookie est utilis\u00e9 pour stocker des informations sur la fa\u00e7on dont les visiteurs utilisent un site web et permet de cr\u00e9er un rapport analytique sur le fonctionnement du site. Les donn\u00e9es collect\u00e9es comprennent le nombre de visiteurs, la source d'o\u00f9 ils viennent et les pages visit\u00e9es sous une forme anonyme.<\/td><\/tr><tr class=\"cookielawinfo-row\"><td class=\"cookielawinfo-column-1\">_ga<\/td><td class=\"cookielawinfo-column-4\">Ce cookie est d\u00e9fini par Google Analytics. Le cookie est utilis\u00e9 pour calculer les donn\u00e9es des visiteurs, des sessions, des campagnes et pour suivre l'utilisation du site pour le rapport analytique du site. Les cookies stockent des informations de mani\u00e8re anonyme et attribuent un num\u00e9ro g\u00e9n\u00e9r\u00e9 par ramdon pour identifier les visiteurs uniques.<\/td><\/tr><tr class=\"cookielawinfo-row-cat-title\"><th colspan=\"2\" class=\"cookielawinfo-row-cat-title-head\">Publicit\u00e9<\/th><\/tr><tr class=\"cookielawinfo-row\"><td class=\"cookielawinfo-column-1\">test_cookie<\/td><td class=\"cookielawinfo-column-4\">Ce cookie est d\u00e9fini par DoubleClick (qui est la propri\u00e9t\u00e9 de Google) pour d\u00e9terminer si le navigateur du visiteur du site web supporte les cookies.<\/td><\/tr><tr class=\"cookielawinfo-row-cat-title\"><th colspan=\"2\" class=\"cookielawinfo-row-cat-title-head\">N\u00e9cessaires<\/th><\/tr><tr class=\"cookielawinfo-row\"><td class=\"cookielawinfo-column-1\">cookielawinfo-checkbox-non-necessary<\/td><td class=\"cookielawinfo-column-4\">Ce cookie est d\u00e9fini par le plugin GDPR Cookie Consent. Les cookies sont utilis\u00e9s pour enregistrer le consentement de l'utilisateur pour les cookies de la cat\u00e9gorie \"Non requis\".<\/td><\/tr><tr class=\"cookielawinfo-row\"><td class=\"cookielawinfo-column-1\">cookielawinfo-checkbox-necessary<\/td><td class=\"cookielawinfo-column-4\">Ce cookie est d\u00e9fini par le plugin GDPR Cookie Consent. Les cookies sont utilis\u00e9s pour enregistrer le consentement de l'utilisateur pour les cookies de la cat\u00e9gorie \"Obligatoire\".<\/td><\/tr><tr class=\"cookielawinfo-row\"><td class=\"cookielawinfo-column-1\">viewed_cookie_policy<\/td><td class=\"cookielawinfo-column-4\">Le cookie est d\u00e9fini par le plugin de consentement de cookie GDPR et sert \u00e0 enregistrer si l'utilisateur a consenti ou non \u00e0 l'utilisation de cookies. Il ne stocke aucune donn\u00e9e personnelle.<\/td><\/tr><\/tbody><\/table><\/div>\n<h3>Comment puis-je contr\u00f4ler les pr\u00e9f\u00e9rences en mati\u00e8re de cookies ?<\/h3>\n<div>Vous pouvez g\u00e9rer vos pr\u00e9f\u00e9rences en mati\u00e8re de cookies en cliquant sur le bouton \u00ab\u00a0Param\u00e8tres\u00a0\u00bb et en activant ou d\u00e9sactivant les cat\u00e9gories de cookies dans la fen\u00eatre contextuelle selon vos pr\u00e9f\u00e9rences.<br \/>\nSi vous d\u00e9cidez de modifier vos pr\u00e9f\u00e9rences plus tard au cours de votre session de navigation, vous pouvez cliquer sur l&rsquo;onglet \u00ab\u00a0Politique en mati\u00e8re de confidentialit\u00e9 et de cookies\u00a0\u00bb sur votre \u00e9cran. L&rsquo;avis de consentement s&rsquo;affichera \u00e0 nouveau, vous permettant de modifier vos pr\u00e9f\u00e9rences ou de retirer compl\u00e8tement votre consentement.<br \/>\nEn outre, les diff\u00e9rents navigateurs offrent diff\u00e9rentes m\u00e9thodes pour bloquer et supprimer les cookies utilis\u00e9s par les sites web. Vous pouvez modifier les param\u00e8tres de votre navigateur pour bloquer\/supprimer les cookies. Pour plus d&rsquo;informations sur la mani\u00e8re de g\u00e9rer et de supprimer les cookies, veuillez consulter le site wikipedia.org, www.allaboutcookies.org.<\/p>\n<\/div>\n<\/div>\n","protected":false},"excerpt":{"rendered":"<p>A propos de cette politique en mati\u00e8re de cookies. Cette politique en mati\u00e8re de cookies explique ce que sont les cookies et comment nous les utilisons. Vous devez lire cette politique pour comprendre ce que sont les cookies, comment nous les utilisons, les types de cookies que nous utilisons, les informations que nous recueillons par&hellip;<\/p>\n","protected":false},"author":1,"featured_media":0,"parent":0,"menu_order":0,"comment_status":"closed","ping_status":"closed","template":"","meta":{"footnotes":""},"class_list":["post-270","page","type-page","status-publish","hentry","entry","no-media"],"yoast_head":"<!-- This site is optimized with the Yoast SEO plugin v24.8 - https:\/\/yoast.com\/wordpress\/plugins\/seo\/ -->\n<title>Politique en mati\u00e8re de cookies - Soluciones completas defensa<\/title>\n<meta name=\"robots\" content=\"index, follow, max-snippet:-1, max-image-preview:large, max-video-preview:-1\" \/>\n<link rel=\"canonical\" href=\"https:\/\/igniter-group.com\/fr\/cookie-policy\/\" \/>\n<meta property=\"og:locale\" content=\"fr_FR\" \/>\n<meta property=\"og:type\" content=\"article\" \/>\n<meta property=\"og:title\" content=\"Politique en mati\u00e8re de cookies - Soluciones completas defensa\" \/>\n<meta property=\"og:description\" content=\"A propos de cette politique en mati\u00e8re de cookies. Cette politique en mati\u00e8re de cookies explique ce que sont les cookies et comment nous les utilisons. Vous devez lire cette politique pour comprendre ce que sont les cookies, comment nous les utilisons, les types de cookies que nous utilisons, les informations que nous recueillons par&hellip;\" \/>\n<meta property=\"og:url\" content=\"https:\/\/igniter-group.com\/fr\/cookie-policy\/\" \/>\n<meta property=\"og:site_name\" content=\"Soluciones completas defensa\" \/>\n<meta property=\"article:modified_time\" content=\"2020-09-21T10:50:56+00:00\" \/>\n<meta name=\"twitter:card\" content=\"summary_large_image\" \/>\n<meta name=\"twitter:label1\" content=\"Dur\u00e9e de lecture estim\u00e9e\" \/>\n\t<meta name=\"twitter:data1\" content=\"3 minutes\" \/>\n<script type=\"application\/ld+json\" class=\"yoast-schema-graph\">{\"@context\":\"https:\/\/schema.org\",\"@graph\":[{\"@type\":\"WebPage\",\"@id\":\"https:\/\/igniter-group.com\/fr\/cookie-policy\/\",\"url\":\"https:\/\/igniter-group.com\/fr\/cookie-policy\/\",\"name\":\"Politique en mati\u00e8re de cookies - Soluciones completas defensa\",\"isPartOf\":{\"@id\":\"https:\/\/igniter-group.com\/fr\/#website\"},\"datePublished\":\"2020-09-21T10:38:10+00:00\",\"dateModified\":\"2020-09-21T10:50:56+00:00\",\"breadcrumb\":{\"@id\":\"https:\/\/igniter-group.com\/fr\/cookie-policy\/#breadcrumb\"},\"inLanguage\":\"fr-FR\",\"potentialAction\":[{\"@type\":\"ReadAction\",\"target\":[\"https:\/\/igniter-group.com\/fr\/cookie-policy\/\"]}]},{\"@type\":\"BreadcrumbList\",\"@id\":\"https:\/\/igniter-group.com\/fr\/cookie-policy\/#breadcrumb\",\"itemListElement\":[{\"@type\":\"ListItem\",\"position\":1,\"name\":\"Portada\",\"item\":\"https:\/\/igniter-group.com\/fr\/\"},{\"@type\":\"ListItem\",\"position\":2,\"name\":\"Politique en mati\u00e8re de cookies\"}]},{\"@type\":\"WebSite\",\"@id\":\"https:\/\/igniter-group.com\/fr\/#website\",\"url\":\"https:\/\/igniter-group.com\/fr\/\",\"name\":\"Soluciones completas defensa\",\"description\":\"Partner estrat&eacute;gico y fundamental del sector de la Defensa y Fuerzas de Seguridad\",\"publisher\":{\"@id\":\"https:\/\/igniter-group.com\/fr\/#organization\"},\"potentialAction\":[{\"@type\":\"SearchAction\",\"target\":{\"@type\":\"EntryPoint\",\"urlTemplate\":\"https:\/\/igniter-group.com\/fr\/?s={search_term_string}\"},\"query-input\":{\"@type\":\"PropertyValueSpecification\",\"valueRequired\":true,\"valueName\":\"search_term_string\"}}],\"inLanguage\":\"fr-FR\"},{\"@type\":\"Organization\",\"@id\":\"https:\/\/igniter-group.com\/fr\/#organization\",\"name\":\"Soluciones completas defensa\",\"url\":\"https:\/\/igniter-group.com\/fr\/\",\"logo\":{\"@type\":\"ImageObject\",\"inLanguage\":\"fr-FR\",\"@id\":\"https:\/\/igniter-group.com\/fr\/#\/schema\/logo\/image\/\",\"url\":\"https:\/\/igniter-group.com\/wp-content\/uploads\/2020\/09\/logo-igniter-group.png\",\"contentUrl\":\"https:\/\/igniter-group.com\/wp-content\/uploads\/2020\/09\/logo-igniter-group.png\",\"width\":252,\"height\":62,\"caption\":\"Soluciones completas defensa\"},\"image\":{\"@id\":\"https:\/\/igniter-group.com\/fr\/#\/schema\/logo\/image\/\"}}]}<\/script>\n<!-- \/ Yoast SEO plugin. -->","yoast_head_json":{"title":"Politique en mati\u00e8re de cookies - Soluciones completas defensa","robots":{"index":"index","follow":"follow","max-snippet":"max-snippet:-1","max-image-preview":"max-image-preview:large","max-video-preview":"max-video-preview:-1"},"canonical":"https:\/\/igniter-group.com\/fr\/cookie-policy\/","og_locale":"fr_FR","og_type":"article","og_title":"Politique en mati\u00e8re de cookies - Soluciones completas defensa","og_description":"A propos de cette politique en mati\u00e8re de cookies. Cette politique en mati\u00e8re de cookies explique ce que sont les cookies et comment nous les utilisons. Vous devez lire cette politique pour comprendre ce que sont les cookies, comment nous les utilisons, les types de cookies que nous utilisons, les informations que nous recueillons par&hellip;","og_url":"https:\/\/igniter-group.com\/fr\/cookie-policy\/","og_site_name":"Soluciones completas defensa","article_modified_time":"2020-09-21T10:50:56+00:00","twitter_card":"summary_large_image","twitter_misc":{"Dur\u00e9e de lecture estim\u00e9e":"3 minutes"},"schema":{"@context":"https:\/\/schema.org","@graph":[{"@type":"WebPage","@id":"https:\/\/igniter-group.com\/fr\/cookie-policy\/","url":"https:\/\/igniter-group.com\/fr\/cookie-policy\/","name":"Politique en mati\u00e8re de cookies - Soluciones completas defensa","isPartOf":{"@id":"https:\/\/igniter-group.com\/fr\/#website"},"datePublished":"2020-09-21T10:38:10+00:00","dateModified":"2020-09-21T10:50:56+00:00","breadcrumb":{"@id":"https:\/\/igniter-group.com\/fr\/cookie-policy\/#breadcrumb"},"inLanguage":"fr-FR","potentialAction":[{"@type":"ReadAction","target":["https:\/\/igniter-group.com\/fr\/cookie-policy\/"]}]},{"@type":"BreadcrumbList","@id":"https:\/\/igniter-group.com\/fr\/cookie-policy\/#breadcrumb","itemListElement":[{"@type":"ListItem","position":1,"name":"Portada","item":"https:\/\/igniter-group.com\/fr\/"},{"@type":"ListItem","position":2,"name":"Politique en mati\u00e8re de cookies"}]},{"@type":"WebSite","@id":"https:\/\/igniter-group.com\/fr\/#website","url":"https:\/\/igniter-group.com\/fr\/","name":"Soluciones completas defensa","description":"Partner estrat&eacute;gico y fundamental del sector de la Defensa y Fuerzas de Seguridad","publisher":{"@id":"https:\/\/igniter-group.com\/fr\/#organization"},"potentialAction":[{"@type":"SearchAction","target":{"@type":"EntryPoint","urlTemplate":"https:\/\/igniter-group.com\/fr\/?s={search_term_string}"},"query-input":{"@type":"PropertyValueSpecification","valueRequired":true,"valueName":"search_term_string"}}],"inLanguage":"fr-FR"},{"@type":"Organization","@id":"https:\/\/igniter-group.com\/fr\/#organization","name":"Soluciones completas defensa","url":"https:\/\/igniter-group.com\/fr\/","logo":{"@type":"ImageObject","inLanguage":"fr-FR","@id":"https:\/\/igniter-group.com\/fr\/#\/schema\/logo\/image\/","url":"https:\/\/igniter-group.com\/wp-content\/uploads\/2020\/09\/logo-igniter-group.png","contentUrl":"https:\/\/igniter-group.com\/wp-content\/uploads\/2020\/09\/logo-igniter-group.png","width":252,"height":62,"caption":"Soluciones completas defensa"},"image":{"@id":"https:\/\/igniter-group.com\/fr\/#\/schema\/logo\/image\/"}}]}},"_links":{"self":[{"href":"https:\/\/igniter-group.com\/fr\/wp-json\/wp\/v2\/pages\/270","targetHints":{"allow":["GET"]}}],"collection":[{"href":"https:\/\/igniter-group.com\/fr\/wp-json\/wp\/v2\/pages"}],"about":[{"href":"https:\/\/igniter-group.com\/fr\/wp-json\/wp\/v2\/types\/page"}],"author":[{"embeddable":true,"href":"https:\/\/igniter-group.com\/fr\/wp-json\/wp\/v2\/users\/1"}],"replies":[{"embeddable":true,"href":"https:\/\/igniter-group.com\/fr\/wp-json\/wp\/v2\/comments?post=270"}],"version-history":[{"count":2,"href":"https:\/\/igniter-group.com\/fr\/wp-json\/wp\/v2\/pages\/270\/revisions"}],"predecessor-version":[{"id":275,"href":"https:\/\/igniter-group.com\/fr\/wp-json\/wp\/v2\/pages\/270\/revisions\/275"}],"wp:attachment":[{"href":"https:\/\/igniter-group.com\/fr\/wp-json\/wp\/v2\/media?parent=270"}],"curies":[{"name":"wp","href":"https:\/\/api.w.org\/{rel}","templated":true}]}}